{"id":2,"date":"2023-12-28T10:48:45","date_gmt":"2023-12-28T10:48:45","guid":{"rendered":"http:\/\/psychotherapiewuerzburg.de\/wordpress\/?page_id=2"},"modified":"2024-01-07T13:59:05","modified_gmt":"2024-01-07T13:59:05","slug":"christine-froehlich","status":"publish","type":"page","link":"http:\/\/psychotherapiewuerzburg.de\/wordpress\/christine-froehlich\/","title":{"rendered":"Christine Fr\u00f6hlich"},"content":{"rendered":"\n<h2 class=\"wp-block-heading has-large-font-size\">Psychologische Psychotherapeutin <\/h2>\n\n\n\n<ul class=\"wp-block-list\">\n<li>Verhaltenstherapie<\/li>\n\n\n\n<li>Supervision<\/li>\n<\/ul>\n\n\n\n<figure class=\"wp-block-image size-full is-resized\"><img loading=\"lazy\" decoding=\"async\" width=\"220\" height=\"293\" src=\"http:\/\/psychotherapiewuerzburg.de\/wordpress\/wp-content\/uploads\/2023\/12\/Christine01.jpg\" alt=\"\" class=\"wp-image-18\" style=\"width:200px\"\/><\/figure>\n\n\n\n<p><\/p>\n\n\n\n<h3 class=\"wp-block-heading\">Studium und Berufspraxis<\/h3>\n\n\n\n<ul class=\"wp-block-list\">\n<li>Studium der Psychologie in Bamberg von 1985 bis 1990<\/li>\n\n\n\n<li>Vier Jahre Forschungst\u00e4tigkeit am Forschungsinstitut der Diabetes Akademie Bad Mergentheim<\/li>\n\n\n\n<li>parallel dazu 1 \u00bd Jahre an der Universit\u00e4ts-Nervenklinik W\u00fcrzburg<\/li>\n\n\n\n<li>seit 1994 in freier Praxis t\u00e4tig<\/li>\n\n\n\n<li>Leiterin der verhaltenstherapeutischen Ausbildungsambulanz f\u00fcr das CIP-Bamberg<\/li>\n\n\n\n<li>T\u00e4tigkeit als Supervisorin, Lehrtherapeutin und Dozentin f\u00fcr das Centrum f\u00fcr Integrative Psychotherapie, Bamberg (CIP), das Institut f\u00fcr Verhaltenstherapie, Verhaltensmedizin und Sexuologie, N\u00fcrnberg (IVS), den Weiterbildungsstudiengang &#8220;Psychologische Psychotherapie &#8211; Verhaltenstherapie&#8221; der Universit\u00e4t W\u00fcrzburg (WAPP), die Bayerische Landes\u00e4rztekammer, M\u00fcnchen (BL\u00c4K)<\/li>\n<\/ul>\n\n\n\n<h3 class=\"wp-block-heading\">Aus- und Weiterbildungen<\/h3>\n\n\n\n<ul class=\"wp-block-list\">\n<li>Verhaltenstherapie am Centrum f\u00fcr Integrative Psychotherapie (CIP) in Bamberg<\/li>\n\n\n\n<li>Gespr\u00e4chspsychotherapie an der Universit\u00e4t Bamberg<\/li>\n\n\n\n<li>Hypnotherapie bei der Milton Erickson Gesellschaft (MEG)<\/li>\n\n\n\n<li>Psychodynamisch imaginativer Traumatherapie (PITT) bei Luise Reddemann.<\/li>\n\n\n\n<li>Schematherapie nach J. Young<\/li>\n\n\n\n<li>Ego-State-Therapie<\/li>\n\n\n\n<li>EMDR<\/li>\n\n\n\n<li>Akkreditierte Supervisorin bei der PtK Bayern<\/li>\n<\/ul>\n\n\n\n<p><\/p>\n\n\n\n<h3 class=\"wp-block-heading\">Mitgliedschaften<\/h3>\n\n\n\n<ul class=\"wp-block-list\">\n<li>Bayerische Landeskammer der Psychologischen Psychotherapeuten und Kinder- und Jugendlichentherapeuten (PTK Bayern)<\/li>\n\n\n\n<li>Deutsche PsychotherapeutenVereinigung (DPtV)<\/li>\n\n\n\n<li>Milton Erickson Gesellschaft f\u00fcr Klinische Hypnose (M.E.G.)<\/li>\n\n\n\n<li>Deutsche Gesellschaft f\u00fcr Verhaltenstherapie (dgvt)<\/li>\n\n\n\n<li>Fachverband f\u00fcr Anwender der psychotherapeutischen Methode EMDR (EMDRIA)<\/li>\n<\/ul>\n","protected":false},"excerpt":{"rendered":"<p>Psychologische Psychotherapeutin Studium und Berufspraxis Aus- und Weiterbildungen Mitgliedschaften<\/p>\n","protected":false},"author":1,"featured_media":0,"parent":0,"menu_order":0,"comment_status":"closed","ping_status":"open","template":"","meta":{"footnotes":""},"class_list":["post-2","page","type-page","status-publish","hentry"],"_links":{"self":[{"href":"http:\/\/psychotherapiewuerzburg.de\/wordpress\/wp-json\/wp\/v2\/pages\/2","targetHints":{"allow":["GET"]}}],"collection":[{"href":"http:\/\/psychotherapiewuerzburg.de\/wordpress\/wp-json\/wp\/v2\/pages"}],"about":[{"href":"http:\/\/psychotherapiewuerzburg.de\/wordpress\/wp-json\/wp\/v2\/types\/page"}],"author":[{"embeddable":true,"href":"http:\/\/psychotherapiewuerzburg.de\/wordpress\/wp-json\/wp\/v2\/users\/1"}],"replies":[{"embeddable":true,"href":"http:\/\/psychotherapiewuerzburg.de\/wordpress\/wp-json\/wp\/v2\/comments?post=2"}],"version-history":[{"count":10,"href":"http:\/\/psychotherapiewuerzburg.de\/wordpress\/wp-json\/wp\/v2\/pages\/2\/revisions"}],"predecessor-version":[{"id":132,"href":"http:\/\/psychotherapiewuerzburg.de\/wordpress\/wp-json\/wp\/v2\/pages\/2\/revisions\/132"}],"wp:attachment":[{"href":"http:\/\/psychotherapiewuerzburg.de\/wordpress\/wp-json\/wp\/v2\/media?parent=2"}],"curies":[{"name":"wp","href":"https:\/\/api.w.org\/{rel}","templated":true}]}}